{"id":3378,"date":"2022-03-14T06:13:34","date_gmt":"2022-03-14T06:13:34","guid":{"rendered":"https:\/\/www.tonisity.com\/busqueda-de-soluciones\/"},"modified":"2022-10-07T17:59:54","modified_gmt":"2022-10-07T17:59:54","slug":"busqueda-de-soluciones","status":"publish","type":"page","link":"https:\/\/www.tonisity.com\/es\/busqueda-de-soluciones\/","title":{"rendered":"B\u00fasqueda de soluciones"},"content":{"rendered":"","protected":false},"excerpt":{"rendered":"","protected":false},"author":1,"featured_media":0,"parent":0,"menu_order":0,"comment_status":"closed","ping_status":"closed","template":"","meta":{"_acf_changed":false,"inline_featured_image":false,"_lmt_disableupdate":"no","_lmt_disable":"","footnotes":""},"class_list":["post-3378","page","type-page","status-publish","hentry"],"acf":[],"yoast_head":"<!-- This site is optimized with the Yoast SEO plugin v26.2 - https:\/\/yoast.com\/wordpress\/plugins\/seo\/ -->\n<title>B\u00fasqueda de soluciones - Tonisity International<\/title>\n<meta name=\"description\" content=\"Utilizando la b\u00fasqueda de soluciones que aparece a continuaci\u00f3n, comience por el reto que m\u00e1s le afecta en su explotaci\u00f3n y le sugeriremos la soluci\u00f3n que mejor se adapte a sus necesidades.\" \/>\n<meta name=\"robots\" content=\"index, follow, max-snippet:-1, max-image-preview:large, max-video-preview:-1\" \/>\n<link rel=\"canonical\" href=\"https:\/\/www.tonisity.com\/solution-search\/\" \/>\n<meta property=\"og:locale\" content=\"es_ES\" \/>\n<meta property=\"og:type\" content=\"article\" \/>\n<meta property=\"og:title\" content=\"B\u00fasqueda de soluciones - Tonisity International\" \/>\n<meta property=\"og:description\" content=\"Utilizando la b\u00fasqueda de soluciones que aparece a continuaci\u00f3n, comience por el reto que m\u00e1s le afecta en su explotaci\u00f3n y le sugeriremos la soluci\u00f3n que mejor se adapte a sus necesidades.\" \/>\n<meta property=\"og:url\" content=\"https:\/\/www.tonisity.com\/solution-search\/\" \/>\n<meta property=\"og:site_name\" content=\"Tonisity International\" \/>\n<meta property=\"article:modified_time\" content=\"2022-10-07T17:59:54+00:00\" \/>\n<meta name=\"twitter:card\" content=\"summary_large_image\" \/>\n<script type=\"application\/ld+json\" class=\"yoast-schema-graph\">{\"@context\":\"https:\/\/schema.org\",\"@graph\":[{\"@type\":\"WebPage\",\"@id\":\"https:\/\/www.tonisity.com\/solution-search\/\",\"url\":\"https:\/\/www.tonisity.com\/solution-search\/\",\"name\":\"B\u00fasqueda de soluciones - Tonisity International\",\"isPartOf\":{\"@id\":\"https:\/\/www.tonisity.com\/#website\"},\"datePublished\":\"2022-03-14T06:13:34+00:00\",\"dateModified\":\"2022-10-07T17:59:54+00:00\",\"description\":\"Utilizando la b\u00fasqueda de soluciones que aparece a continuaci\u00f3n, comience por el reto que m\u00e1s le afecta en su explotaci\u00f3n y le sugeriremos la soluci\u00f3n que mejor se adapte a sus necesidades.\",\"inLanguage\":\"es\",\"potentialAction\":[{\"@type\":\"ReadAction\",\"target\":[\"https:\/\/www.tonisity.com\/solution-search\/\"]}]},{\"@type\":\"WebSite\",\"@id\":\"https:\/\/www.tonisity.com\/#website\",\"url\":\"https:\/\/www.tonisity.com\/\",\"name\":\"Tonisity International\",\"description\":\"\",\"publisher\":{\"@id\":\"https:\/\/www.tonisity.com\/#organization\"},\"potentialAction\":[{\"@type\":\"SearchAction\",\"target\":{\"@type\":\"EntryPoint\",\"urlTemplate\":\"https:\/\/www.tonisity.com\/?s={search_term_string}\"},\"query-input\":{\"@type\":\"PropertyValueSpecification\",\"valueRequired\":true,\"valueName\":\"search_term_string\"}}],\"inLanguage\":\"es\"},{\"@type\":\"Organization\",\"@id\":\"https:\/\/www.tonisity.com\/#organization\",\"name\":\"Tonisity International\",\"url\":\"https:\/\/www.tonisity.com\/\",\"logo\":{\"@type\":\"ImageObject\",\"inLanguage\":\"es\",\"@id\":\"https:\/\/www.tonisity.com\/#\/schema\/logo\/image\/\",\"url\":\"https:\/\/www.tonisity.com\/wp-content\/uploads\/2022\/03\/logo.png\",\"contentUrl\":\"https:\/\/www.tonisity.com\/wp-content\/uploads\/2022\/03\/logo.png\",\"width\":221,\"height\":65,\"caption\":\"Tonisity International\"},\"image\":{\"@id\":\"https:\/\/www.tonisity.com\/#\/schema\/logo\/image\/\"}}]}<\/script>\n<!-- \/ Yoast SEO plugin. -->","yoast_head_json":{"title":"B\u00fasqueda de soluciones - Tonisity International","description":"Utilizando la b\u00fasqueda de soluciones que aparece a continuaci\u00f3n, comience por el reto que m\u00e1s le afecta en su explotaci\u00f3n y le sugeriremos la soluci\u00f3n que mejor se adapte a sus necesidades.","robots":{"index":"index","follow":"follow","max-snippet":"max-snippet:-1","max-image-preview":"max-image-preview:large","max-video-preview":"max-video-preview:-1"},"canonical":"https:\/\/www.tonisity.com\/solution-search\/","og_locale":"es_ES","og_type":"article","og_title":"B\u00fasqueda de soluciones - Tonisity International","og_description":"Utilizando la b\u00fasqueda de soluciones que aparece a continuaci\u00f3n, comience por el reto que m\u00e1s le afecta en su explotaci\u00f3n y le sugeriremos la soluci\u00f3n que mejor se adapte a sus necesidades.","og_url":"https:\/\/www.tonisity.com\/solution-search\/","og_site_name":"Tonisity International","article_modified_time":"2022-10-07T17:59:54+00:00","twitter_card":"summary_large_image","schema":{"@context":"https:\/\/schema.org","@graph":[{"@type":"WebPage","@id":"https:\/\/www.tonisity.com\/solution-search\/","url":"https:\/\/www.tonisity.com\/solution-search\/","name":"B\u00fasqueda de soluciones - Tonisity International","isPartOf":{"@id":"https:\/\/www.tonisity.com\/#website"},"datePublished":"2022-03-14T06:13:34+00:00","dateModified":"2022-10-07T17:59:54+00:00","description":"Utilizando la b\u00fasqueda de soluciones que aparece a continuaci\u00f3n, comience por el reto que m\u00e1s le afecta en su explotaci\u00f3n y le sugeriremos la soluci\u00f3n que mejor se adapte a sus necesidades.","inLanguage":"es","potentialAction":[{"@type":"ReadAction","target":["https:\/\/www.tonisity.com\/solution-search\/"]}]},{"@type":"WebSite","@id":"https:\/\/www.tonisity.com\/#website","url":"https:\/\/www.tonisity.com\/","name":"Tonisity International","description":"","publisher":{"@id":"https:\/\/www.tonisity.com\/#organization"},"potentialAction":[{"@type":"SearchAction","target":{"@type":"EntryPoint","urlTemplate":"https:\/\/www.tonisity.com\/?s={search_term_string}"},"query-input":{"@type":"PropertyValueSpecification","valueRequired":true,"valueName":"search_term_string"}}],"inLanguage":"es"},{"@type":"Organization","@id":"https:\/\/www.tonisity.com\/#organization","name":"Tonisity International","url":"https:\/\/www.tonisity.com\/","logo":{"@type":"ImageObject","inLanguage":"es","@id":"https:\/\/www.tonisity.com\/#\/schema\/logo\/image\/","url":"https:\/\/www.tonisity.com\/wp-content\/uploads\/2022\/03\/logo.png","contentUrl":"https:\/\/www.tonisity.com\/wp-content\/uploads\/2022\/03\/logo.png","width":221,"height":65,"caption":"Tonisity International"},"image":{"@id":"https:\/\/www.tonisity.com\/#\/schema\/logo\/image\/"}}]}},"_links":{"self":[{"href":"https:\/\/www.tonisity.com\/es\/wp-json\/wp\/v2\/pages\/3378","targetHints":{"allow":["GET"]}}],"collection":[{"href":"https:\/\/www.tonisity.com\/es\/wp-json\/wp\/v2\/pages"}],"about":[{"href":"https:\/\/www.tonisity.com\/es\/wp-json\/wp\/v2\/types\/page"}],"author":[{"embeddable":true,"href":"https:\/\/www.tonisity.com\/es\/wp-json\/wp\/v2\/users\/1"}],"replies":[{"embeddable":true,"href":"https:\/\/www.tonisity.com\/es\/wp-json\/wp\/v2\/comments?post=3378"}],"version-history":[{"count":4,"href":"https:\/\/www.tonisity.com\/es\/wp-json\/wp\/v2\/pages\/3378\/revisions"}],"predecessor-version":[{"id":4385,"href":"https:\/\/www.tonisity.com\/es\/wp-json\/wp\/v2\/pages\/3378\/revisions\/4385"}],"wp:attachment":[{"href":"https:\/\/www.tonisity.com\/es\/wp-json\/wp\/v2\/media?parent=3378"}],"curies":[{"name":"wp","href":"https:\/\/api.w.org\/{rel}","templated":true}]}}