{"id":10583,"date":"2022-03-22T13:50:59","date_gmt":"2022-03-22T13:50:59","guid":{"rendered":"https:\/\/www.tonisity.com\/post-weaning\/"},"modified":"2023-09-06T08:22:33","modified_gmt":"2023-09-06T08:22:33","slug":"post-weaning","status":"publish","type":"page","link":"https:\/\/www.tonisity.com\/fr\/post-weaning\/","title":{"rendered":"Post-sevrage"},"content":{"rendered":"","protected":false},"excerpt":{"rendered":"","protected":false},"author":1,"featured_media":0,"parent":0,"menu_order":0,"comment_status":"closed","ping_status":"closed","template":"","meta":{"_acf_changed":false,"inline_featured_image":false,"_lmt_disableupdate":"no","_lmt_disable":"","footnotes":""},"class_list":["post-10583","page","type-page","status-publish","hentry"],"acf":[],"yoast_head":"<!-- This site is optimized with the Yoast SEO plugin v27.4 - https:\/\/yoast.com\/product\/yoast-seo-wordpress\/ -->\n<title>Post-sevrage - Tonisity International<\/title>\n<meta name=\"description\" content=\"Donnez \u00e0 vos porcelets un d\u00e9marrage qui leur permettra d&#039;\u00eatre performants toute leur vie et r\u00e9duisez les taux de mortalit\u00e9 avec Tonisity.\" \/>\n<meta name=\"robots\" content=\"index, follow, max-snippet:-1, max-image-preview:large, max-video-preview:-1\" \/>\n<link rel=\"canonical\" href=\"https:\/\/www.tonisity.com\/post-weaning\/\" \/>\n<meta property=\"og:locale\" content=\"fr_FR\" \/>\n<meta property=\"og:type\" content=\"article\" \/>\n<meta property=\"og:title\" content=\"Post-sevrage - Tonisity International\" \/>\n<meta property=\"og:description\" content=\"Donnez \u00e0 vos porcelets un d\u00e9marrage qui leur permettra d&#039;\u00eatre performants toute leur vie et r\u00e9duisez les taux de mortalit\u00e9 avec Tonisity.\" \/>\n<meta property=\"og:url\" content=\"https:\/\/www.tonisity.com\/post-weaning\/\" \/>\n<meta property=\"og:site_name\" content=\"Tonisity International\" \/>\n<meta property=\"article:modified_time\" content=\"2023-09-06T08:22:33+00:00\" \/>\n<meta name=\"twitter:card\" content=\"summary_large_image\" \/>\n<script type=\"application\/ld+json\" class=\"yoast-schema-graph\">{\"@context\":\"https:\\\/\\\/schema.org\",\"@graph\":[{\"@type\":\"WebPage\",\"@id\":\"https:\\\/\\\/www.tonisity.com\\\/post-weaning\\\/\",\"url\":\"https:\\\/\\\/www.tonisity.com\\\/post-weaning\\\/\",\"name\":\"Post-sevrage - Tonisity International\",\"isPartOf\":{\"@id\":\"https:\\\/\\\/www.tonisity.com\\\/#website\"},\"datePublished\":\"2022-03-22T13:50:59+00:00\",\"dateModified\":\"2023-09-06T08:22:33+00:00\",\"description\":\"Donnez \u00e0 vos porcelets un d\u00e9marrage qui leur permettra d'\u00eatre performants toute leur vie et r\u00e9duisez les taux de mortalit\u00e9 avec Tonisity.\",\"inLanguage\":\"fr-FR\",\"potentialAction\":[{\"@type\":\"ReadAction\",\"target\":[\"https:\\\/\\\/www.tonisity.com\\\/post-weaning\\\/\"]}]},{\"@type\":\"WebSite\",\"@id\":\"https:\\\/\\\/www.tonisity.com\\\/#website\",\"url\":\"https:\\\/\\\/www.tonisity.com\\\/\",\"name\":\"Tonisity International\",\"description\":\"\",\"publisher\":{\"@id\":\"https:\\\/\\\/www.tonisity.com\\\/#organization\"},\"potentialAction\":[{\"@type\":\"SearchAction\",\"target\":{\"@type\":\"EntryPoint\",\"urlTemplate\":\"https:\\\/\\\/www.tonisity.com\\\/?s={search_term_string}\"},\"query-input\":{\"@type\":\"PropertyValueSpecification\",\"valueRequired\":true,\"valueName\":\"search_term_string\"}}],\"inLanguage\":\"fr-FR\"},{\"@type\":\"Organization\",\"@id\":\"https:\\\/\\\/www.tonisity.com\\\/#organization\",\"name\":\"Tonisity International\",\"url\":\"https:\\\/\\\/www.tonisity.com\\\/\",\"logo\":{\"@type\":\"ImageObject\",\"inLanguage\":\"fr-FR\",\"@id\":\"https:\\\/\\\/www.tonisity.com\\\/#\\\/schema\\\/logo\\\/image\\\/\",\"url\":\"https:\\\/\\\/www.tonisity.com\\\/wp-content\\\/uploads\\\/2022\\\/03\\\/logo.png\",\"contentUrl\":\"https:\\\/\\\/www.tonisity.com\\\/wp-content\\\/uploads\\\/2022\\\/03\\\/logo.png\",\"width\":221,\"height\":65,\"caption\":\"Tonisity International\"},\"image\":{\"@id\":\"https:\\\/\\\/www.tonisity.com\\\/#\\\/schema\\\/logo\\\/image\\\/\"}}]}<\/script>\n<!-- \/ Yoast SEO plugin. -->","yoast_head_json":{"title":"Post-sevrage - Tonisity International","description":"Donnez \u00e0 vos porcelets un d\u00e9marrage qui leur permettra d'\u00eatre performants toute leur vie et r\u00e9duisez les taux de mortalit\u00e9 avec Tonisity.","robots":{"index":"index","follow":"follow","max-snippet":"max-snippet:-1","max-image-preview":"max-image-preview:large","max-video-preview":"max-video-preview:-1"},"canonical":"https:\/\/www.tonisity.com\/post-weaning\/","og_locale":"fr_FR","og_type":"article","og_title":"Post-sevrage - Tonisity International","og_description":"Donnez \u00e0 vos porcelets un d\u00e9marrage qui leur permettra d'\u00eatre performants toute leur vie et r\u00e9duisez les taux de mortalit\u00e9 avec Tonisity.","og_url":"https:\/\/www.tonisity.com\/post-weaning\/","og_site_name":"Tonisity International","article_modified_time":"2023-09-06T08:22:33+00:00","twitter_card":"summary_large_image","schema":{"@context":"https:\/\/schema.org","@graph":[{"@type":"WebPage","@id":"https:\/\/www.tonisity.com\/post-weaning\/","url":"https:\/\/www.tonisity.com\/post-weaning\/","name":"Post-sevrage - Tonisity International","isPartOf":{"@id":"https:\/\/www.tonisity.com\/#website"},"datePublished":"2022-03-22T13:50:59+00:00","dateModified":"2023-09-06T08:22:33+00:00","description":"Donnez \u00e0 vos porcelets un d\u00e9marrage qui leur permettra d'\u00eatre performants toute leur vie et r\u00e9duisez les taux de mortalit\u00e9 avec Tonisity.","inLanguage":"fr-FR","potentialAction":[{"@type":"ReadAction","target":["https:\/\/www.tonisity.com\/post-weaning\/"]}]},{"@type":"WebSite","@id":"https:\/\/www.tonisity.com\/#website","url":"https:\/\/www.tonisity.com\/","name":"Tonisity International","description":"","publisher":{"@id":"https:\/\/www.tonisity.com\/#organization"},"potentialAction":[{"@type":"SearchAction","target":{"@type":"EntryPoint","urlTemplate":"https:\/\/www.tonisity.com\/?s={search_term_string}"},"query-input":{"@type":"PropertyValueSpecification","valueRequired":true,"valueName":"search_term_string"}}],"inLanguage":"fr-FR"},{"@type":"Organization","@id":"https:\/\/www.tonisity.com\/#organization","name":"Tonisity International","url":"https:\/\/www.tonisity.com\/","logo":{"@type":"ImageObject","inLanguage":"fr-FR","@id":"https:\/\/www.tonisity.com\/#\/schema\/logo\/image\/","url":"https:\/\/www.tonisity.com\/wp-content\/uploads\/2022\/03\/logo.png","contentUrl":"https:\/\/www.tonisity.com\/wp-content\/uploads\/2022\/03\/logo.png","width":221,"height":65,"caption":"Tonisity International"},"image":{"@id":"https:\/\/www.tonisity.com\/#\/schema\/logo\/image\/"}}]}},"_links":{"self":[{"href":"https:\/\/www.tonisity.com\/fr\/wp-json\/wp\/v2\/pages\/10583","targetHints":{"allow":["GET"]}}],"collection":[{"href":"https:\/\/www.tonisity.com\/fr\/wp-json\/wp\/v2\/pages"}],"about":[{"href":"https:\/\/www.tonisity.com\/fr\/wp-json\/wp\/v2\/types\/page"}],"author":[{"embeddable":true,"href":"https:\/\/www.tonisity.com\/fr\/wp-json\/wp\/v2\/users\/1"}],"replies":[{"embeddable":true,"href":"https:\/\/www.tonisity.com\/fr\/wp-json\/wp\/v2\/comments?post=10583"}],"version-history":[{"count":3,"href":"https:\/\/www.tonisity.com\/fr\/wp-json\/wp\/v2\/pages\/10583\/revisions"}],"predecessor-version":[{"id":12784,"href":"https:\/\/www.tonisity.com\/fr\/wp-json\/wp\/v2\/pages\/10583\/revisions\/12784"}],"wp:attachment":[{"href":"https:\/\/www.tonisity.com\/fr\/wp-json\/wp\/v2\/media?parent=10583"}],"curies":[{"name":"wp","href":"https:\/\/api.w.org\/{rel}","templated":true}]}}