{"id":10598,"date":"2022-03-03T06:18:20","date_gmt":"2022-03-03T06:18:20","guid":{"rendered":"https:\/\/www.tonisity.com\/contact\/"},"modified":"2025-02-17T15:08:26","modified_gmt":"2025-02-17T15:08:26","slug":"contact","status":"publish","type":"page","link":"https:\/\/www.tonisity.com\/fr\/contact\/","title":{"rendered":"Contact"},"content":{"rendered":"","protected":false},"excerpt":{"rendered":"","protected":false},"author":1,"featured_media":0,"parent":0,"menu_order":0,"comment_status":"closed","ping_status":"closed","template":"","meta":{"_acf_changed":false,"inline_featured_image":false,"_lmt_disableupdate":"no","_lmt_disable":"","footnotes":""},"class_list":["post-10598","page","type-page","status-publish","hentry"],"acf":[],"yoast_head":"<!-- This site is optimized with the Yoast SEO plugin v26.2 - https:\/\/yoast.com\/wordpress\/plugins\/seo\/ -->\n<title>Contact - Tonisity International<\/title>\n<meta name=\"description\" content=\"Dites-nous o\u00f9 vous \u00eates et quels sont les d\u00e9fis que vous rencontrez, et nous vous mettrons en contact avec la bonne personne pour vous aider \u00e0 optimiser vos performances et votre rentabilit\u00e9.\" \/>\n<meta name=\"robots\" content=\"index, follow, max-snippet:-1, max-image-preview:large, max-video-preview:-1\" \/>\n<link rel=\"canonical\" href=\"https:\/\/www.tonisity.com\/fr\/contact\/\" \/>\n<meta property=\"og:locale\" content=\"fr_FR\" \/>\n<meta property=\"og:type\" content=\"article\" \/>\n<meta property=\"og:title\" content=\"Contact - Tonisity International\" \/>\n<meta property=\"og:description\" content=\"Dites-nous o\u00f9 vous \u00eates et quels sont les d\u00e9fis que vous rencontrez, et nous vous mettrons en contact avec la bonne personne pour vous aider \u00e0 optimiser vos performances et votre rentabilit\u00e9.\" \/>\n<meta property=\"og:url\" content=\"https:\/\/www.tonisity.com\/fr\/contact\/\" \/>\n<meta property=\"og:site_name\" content=\"Tonisity International\" \/>\n<meta property=\"article:modified_time\" content=\"2025-02-17T15:08:26+00:00\" \/>\n<meta name=\"twitter:card\" content=\"summary_large_image\" \/>\n<script type=\"application\/ld+json\" class=\"yoast-schema-graph\">{\"@context\":\"https:\/\/schema.org\",\"@graph\":[{\"@type\":\"WebPage\",\"@id\":\"https:\/\/www.tonisity.com\/fr\/contact\/\",\"url\":\"https:\/\/www.tonisity.com\/fr\/contact\/\",\"name\":\"Contact - Tonisity International\",\"isPartOf\":{\"@id\":\"https:\/\/www.tonisity.com\/#website\"},\"datePublished\":\"2022-03-03T06:18:20+00:00\",\"dateModified\":\"2025-02-17T15:08:26+00:00\",\"description\":\"Dites-nous o\u00f9 vous \u00eates et quels sont les d\u00e9fis que vous rencontrez, et nous vous mettrons en contact avec la bonne personne pour vous aider \u00e0 optimiser vos performances et votre rentabilit\u00e9.\",\"inLanguage\":\"fr-FR\",\"potentialAction\":[{\"@type\":\"ReadAction\",\"target\":[\"https:\/\/www.tonisity.com\/fr\/contact\/\"]}]},{\"@type\":\"WebSite\",\"@id\":\"https:\/\/www.tonisity.com\/#website\",\"url\":\"https:\/\/www.tonisity.com\/\",\"name\":\"Tonisity International\",\"description\":\"\",\"publisher\":{\"@id\":\"https:\/\/www.tonisity.com\/#organization\"},\"potentialAction\":[{\"@type\":\"SearchAction\",\"target\":{\"@type\":\"EntryPoint\",\"urlTemplate\":\"https:\/\/www.tonisity.com\/?s={search_term_string}\"},\"query-input\":{\"@type\":\"PropertyValueSpecification\",\"valueRequired\":true,\"valueName\":\"search_term_string\"}}],\"inLanguage\":\"fr-FR\"},{\"@type\":\"Organization\",\"@id\":\"https:\/\/www.tonisity.com\/#organization\",\"name\":\"Tonisity International\",\"url\":\"https:\/\/www.tonisity.com\/\",\"logo\":{\"@type\":\"ImageObject\",\"inLanguage\":\"fr-FR\",\"@id\":\"https:\/\/www.tonisity.com\/#\/schema\/logo\/image\/\",\"url\":\"https:\/\/www.tonisity.com\/wp-content\/uploads\/2022\/03\/logo.png\",\"contentUrl\":\"https:\/\/www.tonisity.com\/wp-content\/uploads\/2022\/03\/logo.png\",\"width\":221,\"height\":65,\"caption\":\"Tonisity International\"},\"image\":{\"@id\":\"https:\/\/www.tonisity.com\/#\/schema\/logo\/image\/\"}}]}<\/script>\n<!-- \/ Yoast SEO plugin. -->","yoast_head_json":{"title":"Contact - Tonisity International","description":"Dites-nous o\u00f9 vous \u00eates et quels sont les d\u00e9fis que vous rencontrez, et nous vous mettrons en contact avec la bonne personne pour vous aider \u00e0 optimiser vos performances et votre rentabilit\u00e9.","robots":{"index":"index","follow":"follow","max-snippet":"max-snippet:-1","max-image-preview":"max-image-preview:large","max-video-preview":"max-video-preview:-1"},"canonical":"https:\/\/www.tonisity.com\/fr\/contact\/","og_locale":"fr_FR","og_type":"article","og_title":"Contact - Tonisity International","og_description":"Dites-nous o\u00f9 vous \u00eates et quels sont les d\u00e9fis que vous rencontrez, et nous vous mettrons en contact avec la bonne personne pour vous aider \u00e0 optimiser vos performances et votre rentabilit\u00e9.","og_url":"https:\/\/www.tonisity.com\/fr\/contact\/","og_site_name":"Tonisity International","article_modified_time":"2025-02-17T15:08:26+00:00","twitter_card":"summary_large_image","schema":{"@context":"https:\/\/schema.org","@graph":[{"@type":"WebPage","@id":"https:\/\/www.tonisity.com\/fr\/contact\/","url":"https:\/\/www.tonisity.com\/fr\/contact\/","name":"Contact - Tonisity International","isPartOf":{"@id":"https:\/\/www.tonisity.com\/#website"},"datePublished":"2022-03-03T06:18:20+00:00","dateModified":"2025-02-17T15:08:26+00:00","description":"Dites-nous o\u00f9 vous \u00eates et quels sont les d\u00e9fis que vous rencontrez, et nous vous mettrons en contact avec la bonne personne pour vous aider \u00e0 optimiser vos performances et votre rentabilit\u00e9.","inLanguage":"fr-FR","potentialAction":[{"@type":"ReadAction","target":["https:\/\/www.tonisity.com\/fr\/contact\/"]}]},{"@type":"WebSite","@id":"https:\/\/www.tonisity.com\/#website","url":"https:\/\/www.tonisity.com\/","name":"Tonisity International","description":"","publisher":{"@id":"https:\/\/www.tonisity.com\/#organization"},"potentialAction":[{"@type":"SearchAction","target":{"@type":"EntryPoint","urlTemplate":"https:\/\/www.tonisity.com\/?s={search_term_string}"},"query-input":{"@type":"PropertyValueSpecification","valueRequired":true,"valueName":"search_term_string"}}],"inLanguage":"fr-FR"},{"@type":"Organization","@id":"https:\/\/www.tonisity.com\/#organization","name":"Tonisity International","url":"https:\/\/www.tonisity.com\/","logo":{"@type":"ImageObject","inLanguage":"fr-FR","@id":"https:\/\/www.tonisity.com\/#\/schema\/logo\/image\/","url":"https:\/\/www.tonisity.com\/wp-content\/uploads\/2022\/03\/logo.png","contentUrl":"https:\/\/www.tonisity.com\/wp-content\/uploads\/2022\/03\/logo.png","width":221,"height":65,"caption":"Tonisity International"},"image":{"@id":"https:\/\/www.tonisity.com\/#\/schema\/logo\/image\/"}}]}},"_links":{"self":[{"href":"https:\/\/www.tonisity.com\/fr\/wp-json\/wp\/v2\/pages\/10598","targetHints":{"allow":["GET"]}}],"collection":[{"href":"https:\/\/www.tonisity.com\/fr\/wp-json\/wp\/v2\/pages"}],"about":[{"href":"https:\/\/www.tonisity.com\/fr\/wp-json\/wp\/v2\/types\/page"}],"author":[{"embeddable":true,"href":"https:\/\/www.tonisity.com\/fr\/wp-json\/wp\/v2\/users\/1"}],"replies":[{"embeddable":true,"href":"https:\/\/www.tonisity.com\/fr\/wp-json\/wp\/v2\/comments?post=10598"}],"version-history":[{"count":2,"href":"https:\/\/www.tonisity.com\/fr\/wp-json\/wp\/v2\/pages\/10598\/revisions"}],"predecessor-version":[{"id":15979,"href":"https:\/\/www.tonisity.com\/fr\/wp-json\/wp\/v2\/pages\/10598\/revisions\/15979"}],"wp:attachment":[{"href":"https:\/\/www.tonisity.com\/fr\/wp-json\/wp\/v2\/media?parent=10598"}],"curies":[{"name":"wp","href":"https:\/\/api.w.org\/{rel}","templated":true}]}}